{"id":96,"date":"2023-06-10T12:41:07","date_gmt":"2023-06-10T10:41:07","guid":{"rendered":"http:\/\/loirevacations.com\/?page_id=96"},"modified":"2025-04-17T14:22:20","modified_gmt":"2025-04-17T12:22:20","slug":"under-construction","status":"publish","type":"page","link":"https:\/\/loirevacations.com\/","title":{"rendered":"Under Construction"},"content":{"rendered":"\n<p><\/p>\n\n\n\n<p>This site is under construction and will eventually be as beautiful as our vacation rental houses and troglodyte dwellings in the Loire Valley. Until then, please bear with me and contact me with any questions or reservation requests at :<\/p>\n\n\n\n<p>Naomi Benamy +336 07 75 54 99 <a href=\"mailto:NBenamy@gmail.com\">NBenamy@gmail.com<\/a><\/p>\n\n\n\n<p>You can also see descriptions, photos and prices for &#8220;<a href=\"https:\/\/nbenamy-apartments-in-paris.blogspot.com\/p\/chenoncito.html\" data-type=\"link\" data-id=\"https:\/\/nbenamy-apartments-in-paris.blogspot.com\/p\/chenoncito.html\">Songbird Sanctuary<\/a>&#8221; near Chenonceaux and for &#8220;<a href=\"https:\/\/nbenamy-apartments-in-paris.blogspot.com\/p\/clos-lussault.html\" data-type=\"link\" data-id=\"https:\/\/nbenamy-apartments-in-paris.blogspot.com\/p\/clos-lussault.html\">Clos Lussault<\/a>&#8221; near Amboise at :<\/p>\n\n\n\n<p><a href=\"http:\/\/nbenamy-apartments-in-paris.blogspot.com\">http:\/\/nbenamy-apartments-in-paris.blogspot.com<\/a><\/p>\n\n\n\n<p>Ce site est en construction et finira par \u00eatre aussi beau que nos g\u00eetes et h\u00e9bergements\u00a0troglodytes. D&#8217;ici l\u00e0, soyez indulgent avec moi et contactez-moi pour tout question ou demande de r\u00e9servation \u00e0 :<\/p>\n\n\n\n<p>Naomi Benamy +336 07 75 54 99 <a href=\"mailto:NBenamy@gmail.com\">NBenamy@gmail.com<\/a><\/p>\n\n\n\n<p>Vous pouvez \u00e9galement voir les descriptions, photos et tarifs de &#8220;<a href=\"https:\/\/nbenamy-apartments-in-paris.blogspot.com\/p\/chenoncito.html\" data-type=\"link\" data-id=\"https:\/\/nbenamy-apartments-in-paris.blogspot.com\/p\/chenoncito.html\">Songbird Sanctuary<\/a>&#8221; tout pr\u00e8s de Chenonceaux et de &#8220;<a href=\"https:\/\/nbenamy-apartments-in-paris.blogspot.com\/p\/clos-lussault.html\" data-type=\"link\" data-id=\"https:\/\/nbenamy-apartments-in-paris.blogspot.com\/p\/clos-lussault.html\">Clos Lussault<\/a>&#8221; \u00e0 cot\u00e9 d&#8217;Amboise via :<\/p>\n\n\n\n<p><a href=\"http:\/\/nbenamy-apartments-in-paris.blogspot.com\">http:\/\/nbenamy-apartments-in-paris.blogspot.com<\/a><\/p>\n\n\n\n<p><\/p>\n","protected":false},"excerpt":{"rendered":"<p>This site is under construction and will eventually be as beautiful as our vacation rental houses and troglodyte dwellings in the Loire Valley. Until then, please bear with me and contact me with any questions or reservation requests at : Naomi Benamy +336 07 75 54 99 NBenamy@gmail.com You can also see descriptions, photos and [&hellip;]<\/p>\n","protected":false},"author":1,"featured_media":40,"parent":0,"menu_order":1,"comment_status":"closed","ping_status":"closed","template":"templates\/contact.php","meta":{"footnotes":""},"class_list":["post-96","page","type-page","status-publish","has-post-thumbnail","hentry"],"_links":{"self":[{"href":"https:\/\/loirevacations.com\/index.php\/wp-json\/wp\/v2\/pages\/96","targetHints":{"allow":["GET"]}}],"collection":[{"href":"https:\/\/loirevacations.com\/index.php\/wp-json\/wp\/v2\/pages"}],"about":[{"href":"https:\/\/loirevacations.com\/index.php\/wp-json\/wp\/v2\/types\/page"}],"author":[{"embeddable":true,"href":"https:\/\/loirevacations.com\/index.php\/wp-json\/wp\/v2\/users\/1"}],"replies":[{"embeddable":true,"href":"https:\/\/loirevacations.com\/index.php\/wp-json\/wp\/v2\/comments?post=96"}],"version-history":[{"count":15,"href":"https:\/\/loirevacations.com\/index.php\/wp-json\/wp\/v2\/pages\/96\/revisions"}],"predecessor-version":[{"id":186,"href":"https:\/\/loirevacations.com\/index.php\/wp-json\/wp\/v2\/pages\/96\/revisions\/186"}],"wp:featuredmedia":[{"embeddable":true,"href":"https:\/\/loirevacations.com\/index.php\/wp-json\/wp\/v2\/media\/40"}],"wp:attachment":[{"href":"https:\/\/loirevacations.com\/index.php\/wp-json\/wp\/v2\/media?parent=96"}],"curies":[{"name":"wp","href":"https:\/\/api.w.org\/{rel}","templated":true}]}}